{"id":613,"date":"2018-11-04T16:29:52","date_gmt":"2018-11-04T16:29:52","guid":{"rendered":"http:\/\/www.tele9.es\/telealzira\/?page_id=613"},"modified":"2018-11-04T16:32:01","modified_gmt":"2018-11-04T16:32:01","slug":"politica-de-privacitat","status":"publish","type":"page","link":"http:\/\/www.tele9.es\/telealzira\/politica-de-privacitat\/","title":{"rendered":"Pol\u00edtica de privacitat"},"content":{"rendered":"<h2>Qui som<\/h2>\n<p>L&#8217;adre\u00e7a de la nostra web \u00e9s: http:\/\/www.tele9.es\/telealzira<\/p>\n<h2>Quines dades personals arrepleguem i per qu\u00e8 els arrepleguem<\/h2>\n<h3>Comentaris<\/h3>\n<p>Quan els visitants deixen comentaris en la web, recopilem les dades que es mostren en el formulari de comentaris, aix\u00ed com l&#8217;adre\u00e7a IP del visitant i la cadena d&#8217;agents d&#8217;usuari del navegador per a ajudar a la detecci\u00f3 de spam.<\/p>\n<p>Una cadena an\u00f2nima creada a partir de la teua adre\u00e7a de correu electr\u00f2nic (tamb\u00e9 cridada hash) pot ser proporcionada al servei de Gravatar per a veure si l&#8217;est\u00e0s usant. La pol\u00edtica de privadesa del servei Gravatar est\u00e0 disponible ac\u00ed: https:\/\/automattic.com\/privacy\/. Despr\u00e9s de l&#8217;aprovaci\u00f3 del teu comentari, la imatge del teu perfil \u00e9s visible per al p\u00fablic en el context del seu comentari.<\/p>\n<h3>Mitjans<\/h3>\n<p>Si puges imatges a la web hauries d&#8217;evitar pujar imatges amb dades d&#8217;ubicaci\u00f3 (GPS EXIF) inclosos. Els visitants de la web poden descarregar i extraure qualsevol dada de localitzaci\u00f3 de les imatges de la web.<\/p>\n<h3>Formularis de contacte<\/h3>\n<h3>Cookies<\/h3>\n<p>Si deixes un comentari en el nostre lloc pots triar guardar el teu nom, adre\u00e7a de correu electr\u00f2nic i web en cookies. A\u00e7\u00f2 \u00e9s per a la teua comoditat, perqu\u00e8 no hages de tornar a emplenar les teues dades quan deixes un altre comentari. Aquestes cookies tindran una durada d&#8217;un any.<\/p>\n<p>Si tens un compte i et connectes a aquest lloc, instal\u00b7larem una cookie temporal per a determinar si el teu navegador accepta cookies. Aquesta cookie no cont\u00e9 dades personals i s&#8217;elimina en tancar el navegador.<\/p>\n<p>Quan inicies sessi\u00f3, tamb\u00e9 instal\u00b7larem diverses cookies per a guardar la teua informaci\u00f3 d&#8217;inici de sessi\u00f3 i les teues opcions de visualitzaci\u00f3 de pantalla. Les cookies d&#8217;inici de sessi\u00f3 duren dos dies, i les cookies d&#8217;opcions de pantalla duren un any. Si selecciones \u00abRecordar-me\u00bb, el teu inici de sessi\u00f3 perdurar\u00e0 durant dues setmanes. Si sales del teu compte, les cookies d&#8217;inici de sessi\u00f3 s&#8217;eliminaran.<\/p>\n<p>Si edites o publiques un article es guardar\u00e0 una cookie addicional en el teu navegador. Aquesta cookie no inclou dades personals i simplement indica l&#8217;ANEU de l&#8217;article que acabes d&#8217;editar. Caduca despr\u00e9s d&#8217;1 dia.<\/p>\n<h3>Contingut incrustat d&#8217;altres llocs web<\/h3>\n<p>Els articles d&#8217;aquest lloc poden incloure contingut incrustat (per exemple, v\u00eddeos, imatges, articles, etc.). El contingut incrustat d&#8217;altres web es comporta exactament de la mateixa manera que si el visitant haguera visitat l&#8217;altra web.<\/p>\n<p>Aquestes web poden recopilar dades sobre tu, utilitzar cookies, incrustar un seguiment addicional de tercers, i supervisar la teua interacci\u00f3 amb aqueix contingut incrustat, incl\u00f2s el seguiment de la teua interacci\u00f3 amb el contingut incrustat si tens un compte i est\u00e0s connectat a aqueixa web.<\/p>\n<h3>Anal\u00edtica<\/h3>\n<h2>Amb qui compartim les teues dades<\/h2>\n<h2>Quant temps conservem les teues dades<\/h2>\n<p>Si deixes un comentari, el comentari i les seues metadades es conserven indefinidament. A\u00e7\u00f2 \u00e9s perqu\u00e8 puguem recon\u00e8ixer i aprovar comentaris successius autom\u00e0ticament en lloc de mantenir-los en una cua de moderaci\u00f3.<\/p>\n<p>Dels usuaris que es registren en la nostra web (si n&#8217;hi ha), tamb\u00e9 emmagatzemem la informaci\u00f3 personal que proporcionen en el seu perfil d&#8217;usuari. Tots els usuaris poden veure, editar o eliminar la seua informaci\u00f3 personal en qualsevol moment (excepte que no poden canviar el seu nom d&#8217;usuari). Els administradors de la web tamb\u00e9 poden veure i editar aqueixa informaci\u00f3.<\/p>\n<h2>Quins drets tens sobre les teues dades<\/h2>\n<p>Si tens un compte o has deixat comentaris en aquesta web, pots sol\u00b7licitar rebre un arxiu d&#8217;exportaci\u00f3 de les dades personals que tenim sobre tu, incloent qualsevol dada que ens hages proporcionat. Tamb\u00e9 pots sol\u00b7licitar que eliminem qualsevol dada personal que tinguem sobre tu. A\u00e7\u00f2 no inclou cap dada que estiguem obligats a conservar amb finalitats administratives, legals o de seguretat.<\/p>\n<h2>On enviem les teues dades<\/h2>\n<p>Els comentaris dels visitants pot ser que els revise un servei de detecci\u00f3 autom\u00e0tica de spam.<\/p>\n<h2>La teua informaci\u00f3 de contacte<\/h2>\n<h2>Informaci\u00f3 addicional<\/h2>\n<h3>Com protegim les teues dades<\/h3>\n<h3>Quins procediments utilitzem contra les bretxes de dades<\/h3>\n<h3>De quin tercers rebem dades<\/h3>\n<h3>Quin tipus de presa de decisions automatitzada i\/o perfilat fem amb les dades de l&#8217;usuari<\/h3>\n<h3>Requeriments regulatoris de revelaci\u00f3 d&#8217;informaci\u00f3 del sector<\/h3>\n","protected":false},"excerpt":{"rendered":"<p>Qui som L&#8217;adre\u00e7a de la nostra web \u00e9s: http:\/\/www.tele9.es\/telealzira Quines dades personals arrepleguem i per qu\u00e8 els arrepleguem Comentaris Quan els visitants deixen comentaris en la web, recopilem les dades que es mostren en el formulari de comentaris, aix\u00ed com l&#8217;adre\u00e7a IP del visitant i la cadena d&#8217;agents d&#8217;usuari del navegador per a ajudar a [&hellip;]<\/p>\n","protected":false},"author":1,"featured_media":0,"parent":0,"menu_order":0,"comment_status":"closed","ping_status":"closed","template":"","meta":[],"aioseo_notices":[],"_links":{"self":[{"href":"http:\/\/www.tele9.es\/telealzira\/wp-json\/wp\/v2\/pages\/613"}],"collection":[{"href":"http:\/\/www.tele9.es\/telealzira\/wp-json\/wp\/v2\/pages"}],"about":[{"href":"http:\/\/www.tele9.es\/telealzira\/wp-json\/wp\/v2\/types\/page"}],"author":[{"embeddable":true,"href":"http:\/\/www.tele9.es\/telealzira\/wp-json\/wp\/v2\/users\/1"}],"replies":[{"embeddable":true,"href":"http:\/\/www.tele9.es\/telealzira\/wp-json\/wp\/v2\/comments?post=613"}],"version-history":[{"count":3,"href":"http:\/\/www.tele9.es\/telealzira\/wp-json\/wp\/v2\/pages\/613\/revisions"}],"predecessor-version":[{"id":616,"href":"http:\/\/www.tele9.es\/telealzira\/wp-json\/wp\/v2\/pages\/613\/revisions\/616"}],"wp:attachment":[{"href":"http:\/\/www.tele9.es\/telealzira\/wp-json\/wp\/v2\/media?parent=613"}],"curies":[{"name":"wp","href":"https:\/\/api.w.org\/{rel}","templated":true}]}}